{"id":73,"date":"2024-03-04T02:54:05","date_gmt":"2024-03-04T05:54:05","guid":{"rendered":"https:\/\/lp.brunoavelar.com.br\/?page_id=73"},"modified":"2024-03-20T11:13:19","modified_gmt":"2024-03-20T14:13:19","slug":"biografia","status":"publish","type":"page","link":"https:\/\/lp.brunoavelar.com.br\/?page_id=73","title":{"rendered":"Biografia"},"content":{"rendered":"\t\t<div data-elementor-type=\"wp-page\" data-elementor-id=\"73\" class=\"elementor elementor-73\" data-elementor-post-type=\"page\">\n\t\t\t\t<div class=\"elementor-element elementor-element-9865606 e-flex e-con-boxed e-con e-parent\" data-id=\"9865606\" data-element_type=\"container\" data-settings=\"{&quot;background_background&quot;:&quot;classic&quot;,&quot;background_motion_fx_motion_fx_scrolling&quot;:&quot;yes&quot;,&quot;background_motion_fx_translateY_effect&quot;:&quot;yes&quot;,&quot;background_motion_fx_range&quot;:&quot;page&quot;,&quot;content_width&quot;:&quot;boxed&quot;,&quot;background_motion_fx_translateY_speed&quot;:{&quot;unit&quot;:&quot;px&quot;,&quot;size&quot;:4,&quot;sizes&quot;:[]},&quot;background_motion_fx_translateY_affectedRange&quot;:{&quot;unit&quot;:&quot;%&quot;,&quot;size&quot;:&quot;&quot;,&quot;sizes&quot;:{&quot;start&quot;:0,&quot;end&quot;:100}},&quot;background_motion_fx_devices&quot;:[&quot;desktop&quot;,&quot;tablet&quot;,&quot;mobile&quot;]}\" data-core-v316-plus=\"true\">\n\t\t\t\t\t<div class=\"e-con-inner\">\n\t\t\t\t<div class=\"elementor-element elementor-element-48c2dd7 elementor-widget elementor-widget-image\" data-id=\"48c2dd7\" data-element_type=\"widget\" data-widget_type=\"image.default\">\n\t\t\t\t<div class=\"elementor-widget-container\">\n\t\t\t<style>\/*! elementor - v3.19.0 - 28-02-2024 *\/\n.elementor-widget-image{text-align:center}.elementor-widget-image a{display:inline-block}.elementor-widget-image a img[src$=\".svg\"]{width:48px}.elementor-widget-image img{vertical-align:middle;display:inline-block}<\/style>\t\t\t\t\t\t\t\t\t\t<img fetchpriority=\"high\" decoding=\"async\" width=\"800\" height=\"727\" src=\"https:\/\/lp.brunoavelar.com.br\/wp-content\/uploads\/2024\/03\/foto-bruno-header-ok.png\" class=\"attachment-large size-large wp-image-16\" alt=\"\" \/>\t\t\t\t\t\t\t\t\t\t\t\t\t<\/div>\n\t\t\t\t<\/div>\n\t\t\t\t\t<\/div>\n\t\t\t\t<\/div>\n\t\t<div class=\"elementor-element elementor-element-4dfb5a5 e-flex e-con-boxed e-con e-parent\" data-id=\"4dfb5a5\" data-element_type=\"container\" data-settings=\"{&quot;background_background&quot;:&quot;classic&quot;,&quot;content_width&quot;:&quot;boxed&quot;}\" data-core-v316-plus=\"true\">\n\t\t\t\t\t<div class=\"e-con-inner\">\n\t\t<div class=\"elementor-element elementor-element-d203c7e e-con-full e-flex e-con e-child\" data-id=\"d203c7e\" data-element_type=\"container\" data-settings=\"{&quot;content_width&quot;:&quot;full&quot;}\">\n\t\t\t\t<div class=\"elementor-element elementor-element-a203e9b elementor-widget elementor-widget-heading\" data-id=\"a203e9b\" data-element_type=\"widget\" data-widget_type=\"heading.default\">\n\t\t\t\t<div class=\"elementor-widget-container\">\n\t\t\t<style>\/*! elementor - v3.19.0 - 28-02-2024 *\/\n.elementor-heading-title{padding:0;margin:0;line-height:1}.elementor-widget-heading .elementor-heading-title[class*=elementor-size-]>a{color:inherit;font-size:inherit;line-height:inherit}.elementor-widget-heading .elementor-heading-title.elementor-size-small{font-size:15px}.elementor-widget-heading .elementor-heading-title.elementor-size-medium{font-size:19px}.elementor-widget-heading .elementor-heading-title.elementor-size-large{font-size:29px}.elementor-widget-heading .elementor-heading-title.elementor-size-xl{font-size:39px}.elementor-widget-heading .elementor-heading-title.elementor-size-xxl{font-size:59px}<\/style><h2 class=\"elementor-heading-title elementor-size-default\">Mestre em networking, empreendedor, CVO (Chief Visionary Officer) de diversas empresas, mentor e escritor brasileiro, Bruno Avelar tem como seu maior patrim\u00f4nio a fam\u00edlia. De origem humilde, \u00e9 casado com Cl\u00e1udia Avelar e pai de dois filhos, Kevin e Kai.<\/h2>\t\t<\/div>\n\t\t\t\t<\/div>\n\t\t\t\t<div class=\"elementor-element elementor-element-9b21be0 elementor-widget elementor-widget-text-editor\" data-id=\"9b21be0\" data-element_type=\"widget\" data-widget_type=\"text-editor.default\">\n\t\t\t\t<div class=\"elementor-widget-container\">\n\t\t\t<style>\/*! elementor - v3.19.0 - 28-02-2024 *\/\n.elementor-widget-text-editor.elementor-drop-cap-view-stacked .elementor-drop-cap{background-color:#69727d;color:#fff}.elementor-widget-text-editor.elementor-drop-cap-view-framed .elementor-drop-cap{color:#69727d;border:3px solid;background-color:transparent}.elementor-widget-text-editor:not(.elementor-drop-cap-view-default) .elementor-drop-cap{margin-top:8px}.elementor-widget-text-editor:not(.elementor-drop-cap-view-default) .elementor-drop-cap-letter{width:1em;height:1em}.elementor-widget-text-editor .elementor-drop-cap{float:left;text-align:center;line-height:1;font-size:50px}.elementor-widget-text-editor .elementor-drop-cap-letter{display:inline-block}<\/style>\t\t\t\t<p>Imigrante h\u00e1 19 anos, morou em Portugal, Inglaterra, Espanha, Brasil e hoje reside nos Estados Unidos, onde teve se Green Card aprovado por habilidades extraordin\u00e1rias em empreendedorismo. Se tornou cidad\u00e3o portugu\u00eas e atualmente mora em Orlando, onde coordena suas empresas nos Estados Unidos, Portugal e Brasil.<\/p><p>Bruno \u00e9 o idealizador do &#8220;O Poder do Network&#8221;, evento itinerante que j\u00e1 impactou mais de 53 MIL brasileiros ensinando imigrantes a como criar, desenvolver e manter uma rede de relacionamentos de alta performance que pode transformar vidas e carreiras!<\/p><p>O evento j\u00e1 aconteceu em 13 edi\u00e7\u00f5es, incluindo Nova York, Orlando, Miami, Boston, Dallas, Kansas City, Atlanta e Mo\u00e7ambique, na \u00c1frica.<\/p><p>O evento \u00e9 reconhecido por reunir, em um \u00fanico palco, os maiores nomes da atualidade. Grandes personalidades j\u00e1 marcaram presen\u00e7a em seu palco, como Tom Cavalcante, Paulo Vieira, Tiago Brunet, Paulo Muzy, Thiago Nigro, Joel Jota, Kak\u00e1 Diniz, Jo\u00e3o Kepler, Andr\u00e9 Fernandes, Nat\u00e1lia Beauty, Leandro Hassun, entre outros.<\/p><p>Hoje, al\u00e9m do evento Poder do Network, Bruno Avelar tem mais de 200 mentorados espalhados pelo mundo: ap\u00f3s entender que ajudar pessoas era seu prop\u00f3sito, Bruno criou seu projeto de mentorias, que tem como intuito auxiliar pessoas a ultrapassar barreiras, desenvolver intelig\u00eancia emocional, fazer conex\u00f5es, transformar seus neg\u00f3cios e de sua vida pessoal.<\/p><p>Al\u00e9m de criador do Poder do Network e mentor de grandes empres\u00e1rios, Bruno se tornou um palestrante renomado e requisitado nos maiores eventos do Brasil, como Leil\u00e3o do Instituto Neymar Jr, Finday (do expert em finan\u00e7as Thiago Nigro), M\u00e9todo Destiny (do mestre em intelig\u00eancia espiritual Tiago Brunet), Ore Comigo (maior festival gospel da Am\u00e9rica Latina), Influ\u00eacia Business, do Joel Jota, ARKAD (do influenciador Kaisser) F\u00f3rum de Neg\u00f3cios de Natal, SDA (Segredos da Audi\u00eancia &#8211; Samuel Pereira) e muitos outros. Bruno \u00e9 palestrante exclusivo da Non Stop, maior ag\u00eancia de influencers da Am\u00e9rica Latina, liderada por Kak\u00e1 Diniz.<\/p><p>Bruno Avelar tamb\u00e9m \u00e9 s\u00f3cio da MLS (Mentoring League Society), fundada por Fl\u00e1vio Augusto, que tamb\u00e9m tem como s\u00f3cios Caio Carneiro e Joel Jota, e membro do Influ\u00eancia Pro, de Joel Joel.<\/p>\t\t\t\t\t\t<\/div>\n\t\t\t\t<\/div>\n\t\t\t\t<\/div>\n\t\t<div class=\"elementor-element elementor-element-cc62d6a e-con-full e-flex e-con e-child\" data-id=\"cc62d6a\" data-element_type=\"container\" data-settings=\"{&quot;content_width&quot;:&quot;full&quot;}\">\n\t\t\t\t<\/div>\n\t\t\t\t\t<\/div>\n\t\t\t\t<\/div>\n\t\t<div class=\"elementor-element elementor-element-3992cf5 e-flex e-con-boxed e-con e-parent\" data-id=\"3992cf5\" data-element_type=\"container\" data-settings=\"{&quot;background_background&quot;:&quot;classic&quot;,&quot;content_width&quot;:&quot;boxed&quot;}\" data-core-v316-plus=\"true\">\n\t\t\t\t\t<div class=\"e-con-inner\">\n\t\t<div class=\"elementor-element elementor-element-b0c6705 e-con-full e-flex e-con e-child\" data-id=\"b0c6705\" data-element_type=\"container\" data-settings=\"{&quot;content_width&quot;:&quot;full&quot;}\">\n\t\t\t\t<div class=\"elementor-element elementor-element-3bbeb3f elementor-widget elementor-widget-image\" data-id=\"3bbeb3f\" data-element_type=\"widget\" data-widget_type=\"image.default\">\n\t\t\t\t<div class=\"elementor-widget-container\">\n\t\t\t\t\t\t\t\t\t\t\t\t\t<img decoding=\"async\" width=\"800\" height=\"937\" src=\"https:\/\/lp.brunoavelar.com.br\/wp-content\/uploads\/2024\/03\/img-familia.jpg\" class=\"attachment-large size-large wp-image-307\" alt=\"\" \/>\t\t\t\t\t\t\t\t\t\t\t\t\t<\/div>\n\t\t\t\t<\/div>\n\t\t\t\t<\/div>\n\t\t<div class=\"elementor-element elementor-element-422cec9 e-con-full e-flex e-con e-child\" data-id=\"422cec9\" data-element_type=\"container\" data-settings=\"{&quot;content_width&quot;:&quot;full&quot;}\">\n\t\t\t\t<div class=\"elementor-element elementor-element-8074338 elementor-widget elementor-widget-image\" data-id=\"8074338\" data-element_type=\"widget\" data-widget_type=\"image.default\">\n\t\t\t\t<div class=\"elementor-widget-container\">\n\t\t\t\t\t\t\t\t\t\t\t\t\t<img decoding=\"async\" width=\"800\" height=\"437\" src=\"https:\/\/lp.brunoavelar.com.br\/wp-content\/uploads\/2024\/03\/img-networking.jpg\" class=\"attachment-large size-large wp-image-308\" alt=\"\" \/>\t\t\t\t\t\t\t\t\t\t\t\t\t<\/div>\n\t\t\t\t<\/div>\n\t\t\t\t<div class=\"elementor-element elementor-element-645e2f2 elementor-widget elementor-widget-image\" data-id=\"645e2f2\" data-element_type=\"widget\" data-widget_type=\"image.default\">\n\t\t\t\t<div class=\"elementor-widget-container\">\n\t\t\t\t\t\t\t\t\t\t\t\t\t<img loading=\"lazy\" decoding=\"async\" width=\"648\" height=\"389\" src=\"https:\/\/lp.brunoavelar.com.br\/wp-content\/uploads\/2024\/03\/img-relacionamentos.jpg\" class=\"attachment-large size-large wp-image-306\" alt=\"\" \/>\t\t\t\t\t\t\t\t\t\t\t\t\t<\/div>\n\t\t\t\t<\/div>\n\t\t\t\t<\/div>\n\t\t\t\t\t<\/div>\n\t\t\t\t<\/div>\n\t\t<div class=\"elementor-element elementor-element-199eeca9 e-flex e-con-boxed e-con e-parent\" data-id=\"199eeca9\" data-element_type=\"container\" data-settings=\"{&quot;background_background&quot;:&quot;classic&quot;,&quot;content_width&quot;:&quot;boxed&quot;}\" data-core-v316-plus=\"true\">\n\t\t\t\t\t<div class=\"e-con-inner\">\n\t\t\t\t<div class=\"elementor-element elementor-element-286d06b6 elementor-widget elementor-widget-heading\" data-id=\"286d06b6\" data-element_type=\"widget\" data-widget_type=\"heading.default\">\n\t\t\t\t<div class=\"elementor-widget-container\">\n\t\t\t<h2 class=\"elementor-heading-title elementor-size-default\">Honra n\u00e3o tem\nprazo de validade!<\/h2>\t\t<\/div>\n\t\t\t\t<\/div>\n\t\t\t\t\t<\/div>\n\t\t\t\t<\/div>\n\t\t\t\t<\/div>\n\t\t","protected":false},"excerpt":{"rendered":"<p>Mestre em networking, empreendedor, CVO (Chief Visionary Officer) de diversas empresas, mentor e escritor brasileiro, Bruno Avelar tem como seu maior patrim\u00f4nio a fam\u00edlia. De origem humilde, \u00e9 casado com Cl\u00e1udia Avelar e pai de dois filhos, Kevin e Kai. Imigrante h\u00e1 19 anos, morou em Portugal, Inglaterra, Espanha, Brasil e hoje reside nos Estados [&hellip;]<\/p>\n","protected":false},"author":1,"featured_media":0,"parent":0,"menu_order":0,"comment_status":"closed","ping_status":"closed","template":"elementor_header_footer","meta":{"footnotes":""},"_links":{"self":[{"href":"https:\/\/lp.brunoavelar.com.br\/index.php?rest_route=\/wp\/v2\/pages\/73"}],"collection":[{"href":"https:\/\/lp.brunoavelar.com.br\/index.php?rest_route=\/wp\/v2\/pages"}],"about":[{"href":"https:\/\/lp.brunoavelar.com.br\/index.php?rest_route=\/wp\/v2\/types\/page"}],"author":[{"embeddable":true,"href":"https:\/\/lp.brunoavelar.com.br\/index.php?rest_route=\/wp\/v2\/users\/1"}],"replies":[{"embeddable":true,"href":"https:\/\/lp.brunoavelar.com.br\/index.php?rest_route=%2Fwp%2Fv2%2Fcomments&post=73"}],"version-history":[{"count":28,"href":"https:\/\/lp.brunoavelar.com.br\/index.php?rest_route=\/wp\/v2\/pages\/73\/revisions"}],"predecessor-version":[{"id":596,"href":"https:\/\/lp.brunoavelar.com.br\/index.php?rest_route=\/wp\/v2\/pages\/73\/revisions\/596"}],"wp:attachment":[{"href":"https:\/\/lp.brunoavelar.com.br\/index.php?rest_route=%2Fwp%2Fv2%2Fmedia&parent=73"}],"curies":[{"name":"wp","href":"https:\/\/api.w.org\/{rel}","templated":true}]}}