{"id":172,"date":"2024-03-04T04:00:59","date_gmt":"2024-03-04T07:00:59","guid":{"rendered":"https:\/\/lp.brunoavelar.com.br\/?page_id=172"},"modified":"2024-03-13T21:50:57","modified_gmt":"2024-03-14T00:50:57","slug":"connection-mind-one","status":"publish","type":"page","link":"https:\/\/lp.brunoavelar.com.br\/?page_id=172","title":{"rendered":"Connection Mind One"},"content":{"rendered":"\t\t<div data-elementor-type=\"wp-page\" data-elementor-id=\"172\" class=\"elementor elementor-172\" data-elementor-post-type=\"page\">\n\t\t\t\t<div class=\"elementor-element elementor-element-2a033977 e-flex e-con-boxed e-con e-parent\" data-id=\"2a033977\" data-element_type=\"container\" data-settings=\"{&quot;background_background&quot;:&quot;classic&quot;,&quot;content_width&quot;:&quot;boxed&quot;}\" data-core-v316-plus=\"true\">\n\t\t\t\t\t<div class=\"e-con-inner\">\n\t\t<div class=\"elementor-element elementor-element-6fccdc6 e-con-full e-flex e-con e-child\" data-id=\"6fccdc6\" data-element_type=\"container\" data-settings=\"{&quot;content_width&quot;:&quot;full&quot;}\">\n\t\t\t\t<div class=\"elementor-element elementor-element-3cf71635 elementor-widget elementor-widget-image\" data-id=\"3cf71635\" data-element_type=\"widget\" data-widget_type=\"image.default\">\n\t\t\t\t<div class=\"elementor-widget-container\">\n\t\t\t<style>\/*! elementor - v3.19.0 - 28-02-2024 *\/\n.elementor-widget-image{text-align:center}.elementor-widget-image a{display:inline-block}.elementor-widget-image a img[src$=\".svg\"]{width:48px}.elementor-widget-image img{vertical-align:middle;display:inline-block}<\/style>\t\t\t\t\t\t\t\t\t\t<img fetchpriority=\"high\" decoding=\"async\" width=\"527\" height=\"156\" src=\"https:\/\/lp.brunoavelar.com.br\/wp-content\/uploads\/2024\/03\/produto-logo-connection-one.png\" class=\"attachment-large size-large wp-image-507\" alt=\"\" \/>\t\t\t\t\t\t\t\t\t\t\t\t\t<\/div>\n\t\t\t\t<\/div>\n\t\t\t\t<\/div>\n\t\t<div class=\"elementor-element elementor-element-52128f73 e-con-full e-flex e-con e-child\" data-id=\"52128f73\" data-element_type=\"container\" data-settings=\"{&quot;content_width&quot;:&quot;full&quot;}\">\n\t\t\t\t<div class=\"elementor-element elementor-element-3ee5868a elementor-widget elementor-widget-text-editor\" data-id=\"3ee5868a\" data-element_type=\"widget\" data-widget_type=\"text-editor.default\">\n\t\t\t\t<div class=\"elementor-widget-container\">\n\t\t\t<style>\/*! elementor - v3.19.0 - 28-02-2024 *\/\n.elementor-widget-text-editor.elementor-drop-cap-view-stacked .elementor-drop-cap{background-color:#69727d;color:#fff}.elementor-widget-text-editor.elementor-drop-cap-view-framed .elementor-drop-cap{color:#69727d;border:3px solid;background-color:transparent}.elementor-widget-text-editor:not(.elementor-drop-cap-view-default) .elementor-drop-cap{margin-top:8px}.elementor-widget-text-editor:not(.elementor-drop-cap-view-default) .elementor-drop-cap-letter{width:1em;height:1em}.elementor-widget-text-editor .elementor-drop-cap{float:left;text-align:center;line-height:1;font-size:50px}.elementor-widget-text-editor .elementor-drop-cap-letter{display:inline-block}<\/style>\t\t\t\t<p>Ap\u00f3s entender que ajudar pessoas era seu prop\u00f3sito, Bruno criou o projeto de suas mentorias, que tem como intuito auxiliar pessoas a ultrapassar barreiras, desenvolver intelig\u00eancia emocional, fazer conex\u00f5es, transformar seus neg\u00f3cios e de sua vida pessoal.<\/p><p>As mentorias &#8220;Connection Mind One&#8221;, tem a dura\u00e7\u00e3o de 12 meses e contam com outros grandes guias, como Tiago Brunet,Kak\u00e1 Diniz , Paulo Vieira, Thiago Nigro, Davi Braga e outros.<\/p>\t\t\t\t\t\t<\/div>\n\t\t\t\t<\/div>\n\t\t\t\t<\/div>\n\t\t\t\t\t<\/div>\n\t\t\t\t<\/div>\n\t\t\t\t<\/div>\n\t\t","protected":false},"excerpt":{"rendered":"<p>Ap\u00f3s entender que ajudar pessoas era seu prop\u00f3sito, Bruno criou o projeto de suas mentorias, que tem como intuito auxiliar pessoas a ultrapassar barreiras, desenvolver intelig\u00eancia emocional, fazer conex\u00f5es, transformar seus neg\u00f3cios e de sua vida pessoal. As mentorias &#8220;Connection Mind One&#8221;, tem a dura\u00e7\u00e3o de 12 meses e contam com outros grandes guias, como [&hellip;]<\/p>\n","protected":false},"author":1,"featured_media":0,"parent":0,"menu_order":0,"comment_status":"closed","ping_status":"closed","template":"elementor_header_footer","meta":{"footnotes":""},"_links":{"self":[{"href":"https:\/\/lp.brunoavelar.com.br\/index.php?rest_route=\/wp\/v2\/pages\/172"}],"collection":[{"href":"https:\/\/lp.brunoavelar.com.br\/index.php?rest_route=\/wp\/v2\/pages"}],"about":[{"href":"https:\/\/lp.brunoavelar.com.br\/index.php?rest_route=\/wp\/v2\/types\/page"}],"author":[{"embeddable":true,"href":"https:\/\/lp.brunoavelar.com.br\/index.php?rest_route=\/wp\/v2\/users\/1"}],"replies":[{"embeddable":true,"href":"https:\/\/lp.brunoavelar.com.br\/index.php?rest_route=%2Fwp%2Fv2%2Fcomments&post=172"}],"version-history":[{"count":7,"href":"https:\/\/lp.brunoavelar.com.br\/index.php?rest_route=\/wp\/v2\/pages\/172\/revisions"}],"predecessor-version":[{"id":569,"href":"https:\/\/lp.brunoavelar.com.br\/index.php?rest_route=\/wp\/v2\/pages\/172\/revisions\/569"}],"wp:attachment":[{"href":"https:\/\/lp.brunoavelar.com.br\/index.php?rest_route=%2Fwp%2Fv2%2Fmedia&parent=172"}],"curies":[{"name":"wp","href":"https:\/\/api.w.org\/{rel}","templated":true}]}}