{"id":169,"date":"2024-03-04T04:00:12","date_gmt":"2024-03-04T07:00:12","guid":{"rendered":"https:\/\/lp.brunoavelar.com.br\/?page_id=169"},"modified":"2024-03-13T20:54:03","modified_gmt":"2024-03-13T23:54:03","slug":"elite","status":"publish","type":"page","link":"https:\/\/lp.brunoavelar.com.br\/?page_id=169","title":{"rendered":"Elite"},"content":{"rendered":"\t\t<div data-elementor-type=\"wp-page\" data-elementor-id=\"169\" class=\"elementor elementor-169\" data-elementor-post-type=\"page\">\n\t\t\t\t<div class=\"elementor-element elementor-element-52abd6ae e-flex e-con-boxed e-con e-parent\" data-id=\"52abd6ae\" data-element_type=\"container\" data-settings=\"{&quot;background_background&quot;:&quot;classic&quot;,&quot;content_width&quot;:&quot;boxed&quot;}\" data-core-v316-plus=\"true\">\n\t\t\t\t\t<div class=\"e-con-inner\">\n\t\t<div class=\"elementor-element elementor-element-4c87dcc7 e-con-full e-flex e-con e-child\" data-id=\"4c87dcc7\" data-element_type=\"container\" data-settings=\"{&quot;content_width&quot;:&quot;full&quot;}\">\n\t\t\t\t<div class=\"elementor-element elementor-element-5f5f021a elementor-widget elementor-widget-image\" data-id=\"5f5f021a\" data-element_type=\"widget\" data-widget_type=\"image.default\">\n\t\t\t\t<div class=\"elementor-widget-container\">\n\t\t\t<style>\/*! elementor - v3.19.0 - 28-02-2024 *\/\n.elementor-widget-image{text-align:center}.elementor-widget-image a{display:inline-block}.elementor-widget-image a img[src$=\".svg\"]{width:48px}.elementor-widget-image img{vertical-align:middle;display:inline-block}<\/style>\t\t\t\t\t\t\t\t\t\t<img fetchpriority=\"high\" decoding=\"async\" width=\"400\" height=\"227\" src=\"https:\/\/lp.brunoavelar.com.br\/wp-content\/uploads\/2024\/03\/EBA.png\" class=\"attachment-large size-large wp-image-531\" alt=\"\" \/>\t\t\t\t\t\t\t\t\t\t\t\t\t<\/div>\n\t\t\t\t<\/div>\n\t\t\t\t<\/div>\n\t\t<div class=\"elementor-element elementor-element-4e879d59 e-con-full e-flex e-con e-child\" data-id=\"4e879d59\" data-element_type=\"container\" data-settings=\"{&quot;content_width&quot;:&quot;full&quot;}\">\n\t\t\t\t<div class=\"elementor-element elementor-element-43a9b33f elementor-widget elementor-widget-text-editor\" data-id=\"43a9b33f\" data-element_type=\"widget\" data-widget_type=\"text-editor.default\">\n\t\t\t\t<div class=\"elementor-widget-container\">\n\t\t\t<style>\/*! elementor - v3.19.0 - 28-02-2024 *\/\n.elementor-widget-text-editor.elementor-drop-cap-view-stacked .elementor-drop-cap{background-color:#69727d;color:#fff}.elementor-widget-text-editor.elementor-drop-cap-view-framed .elementor-drop-cap{color:#69727d;border:3px solid;background-color:transparent}.elementor-widget-text-editor:not(.elementor-drop-cap-view-default) .elementor-drop-cap{margin-top:8px}.elementor-widget-text-editor:not(.elementor-drop-cap-view-default) .elementor-drop-cap-letter{width:1em;height:1em}.elementor-widget-text-editor .elementor-drop-cap{float:left;text-align:center;line-height:1;font-size:50px}.elementor-widget-text-editor .elementor-drop-cap-letter{display:inline-block}<\/style>\t\t\t\t<p>O programa Elite Bruno Avelar \u00e9 um clube de neg\u00f3cios, uma mentoria para empres\u00e1rios e um ambiente de crescimento para voc\u00ea e sua empresa.<\/p><p>\u00c9 para empres\u00e1rios que est\u00e3o buscando um ambiente de neg\u00f3cios, escalar o seu neg\u00f3cio e aprender boas pr\u00e1ticas com os melhores!<\/p>\t\t\t\t\t\t<\/div>\n\t\t\t\t<\/div>\n\t\t\t\t<\/div>\n\t\t\t\t\t<\/div>\n\t\t\t\t<\/div>\n\t\t\t\t<\/div>\n\t\t","protected":false},"excerpt":{"rendered":"<p>O programa Elite Bruno Avelar \u00e9 um clube de neg\u00f3cios, uma mentoria para empres\u00e1rios e um ambiente de crescimento para voc\u00ea e sua empresa. \u00c9 para empres\u00e1rios que est\u00e3o buscando um ambiente de neg\u00f3cios, escalar o seu neg\u00f3cio e aprender boas pr\u00e1ticas com os melhores!<\/p>\n","protected":false},"author":1,"featured_media":0,"parent":0,"menu_order":0,"comment_status":"closed","ping_status":"closed","template":"elementor_header_footer","meta":{"footnotes":""},"_links":{"self":[{"href":"https:\/\/lp.brunoavelar.com.br\/index.php?rest_route=\/wp\/v2\/pages\/169"}],"collection":[{"href":"https:\/\/lp.brunoavelar.com.br\/index.php?rest_route=\/wp\/v2\/pages"}],"about":[{"href":"https:\/\/lp.brunoavelar.com.br\/index.php?rest_route=\/wp\/v2\/types\/page"}],"author":[{"embeddable":true,"href":"https:\/\/lp.brunoavelar.com.br\/index.php?rest_route=\/wp\/v2\/users\/1"}],"replies":[{"embeddable":true,"href":"https:\/\/lp.brunoavelar.com.br\/index.php?rest_route=%2Fwp%2Fv2%2Fcomments&post=169"}],"version-history":[{"count":4,"href":"https:\/\/lp.brunoavelar.com.br\/index.php?rest_route=\/wp\/v2\/pages\/169\/revisions"}],"predecessor-version":[{"id":536,"href":"https:\/\/lp.brunoavelar.com.br\/index.php?rest_route=\/wp\/v2\/pages\/169\/revisions\/536"}],"wp:attachment":[{"href":"https:\/\/lp.brunoavelar.com.br\/index.php?rest_route=%2Fwp%2Fv2%2Fmedia&parent=169"}],"curies":[{"name":"wp","href":"https:\/\/api.w.org\/{rel}","templated":true}]}}