{"id":166,"date":"2024-03-04T03:59:43","date_gmt":"2024-03-04T06:59:43","guid":{"rendered":"https:\/\/lp.brunoavelar.com.br\/?page_id=166"},"modified":"2024-03-13T21:49:53","modified_gmt":"2024-03-14T00:49:53","slug":"transcedendo-fronteiras","status":"publish","type":"page","link":"https:\/\/lp.brunoavelar.com.br\/?page_id=166","title":{"rendered":"Transcedendo Fronteiras"},"content":{"rendered":"\t\t<div data-elementor-type=\"wp-page\" data-elementor-id=\"166\" class=\"elementor elementor-166\" data-elementor-post-type=\"page\">\n\t\t\t\t<div class=\"elementor-element elementor-element-fd86224 e-flex e-con-boxed e-con e-parent\" data-id=\"fd86224\" data-element_type=\"container\" data-settings=\"{&quot;background_background&quot;:&quot;classic&quot;,&quot;content_width&quot;:&quot;boxed&quot;}\" data-core-v316-plus=\"true\">\n\t\t\t\t\t<div class=\"e-con-inner\">\n\t\t<div class=\"elementor-element elementor-element-0196045 e-con-full e-flex e-con e-child\" data-id=\"0196045\" data-element_type=\"container\" data-settings=\"{&quot;content_width&quot;:&quot;full&quot;}\">\n\t\t\t\t<div class=\"elementor-element elementor-element-97286aa elementor-widget elementor-widget-image\" data-id=\"97286aa\" data-element_type=\"widget\" data-widget_type=\"image.default\">\n\t\t\t\t<div class=\"elementor-widget-container\">\n\t\t\t<style>\/*! elementor - v3.19.0 - 28-02-2024 *\/\n.elementor-widget-image{text-align:center}.elementor-widget-image a{display:inline-block}.elementor-widget-image a img[src$=\".svg\"]{width:48px}.elementor-widget-image img{vertical-align:middle;display:inline-block}<\/style>\t\t\t\t\t\t\t\t\t\t<img fetchpriority=\"high\" decoding=\"async\" width=\"358\" height=\"181\" src=\"https:\/\/lp.brunoavelar.com.br\/wp-content\/uploads\/2024\/03\/produto-logo-mentoria-transcedendo-fronteiras-branco.png\" class=\"attachment-large size-large wp-image-508\" alt=\"\" \/>\t\t\t\t\t\t\t\t\t\t\t\t\t<\/div>\n\t\t\t\t<\/div>\n\t\t\t\t<\/div>\n\t\t<div class=\"elementor-element elementor-element-8ea1a8e e-con-full e-flex e-con e-child\" data-id=\"8ea1a8e\" data-element_type=\"container\" data-settings=\"{&quot;content_width&quot;:&quot;full&quot;}\">\n\t\t\t\t<div class=\"elementor-element elementor-element-0916700 elementor-widget elementor-widget-text-editor\" data-id=\"0916700\" data-element_type=\"widget\" data-widget_type=\"text-editor.default\">\n\t\t\t\t<div class=\"elementor-widget-container\">\n\t\t\t<style>\/*! elementor - v3.19.0 - 28-02-2024 *\/\n.elementor-widget-text-editor.elementor-drop-cap-view-stacked .elementor-drop-cap{background-color:#69727d;color:#fff}.elementor-widget-text-editor.elementor-drop-cap-view-framed .elementor-drop-cap{color:#69727d;border:3px solid;background-color:transparent}.elementor-widget-text-editor:not(.elementor-drop-cap-view-default) .elementor-drop-cap{margin-top:8px}.elementor-widget-text-editor:not(.elementor-drop-cap-view-default) .elementor-drop-cap-letter{width:1em;height:1em}.elementor-widget-text-editor .elementor-drop-cap{float:left;text-align:center;line-height:1;font-size:50px}.elementor-widget-text-editor .elementor-drop-cap-letter{display:inline-block}<\/style>\t\t\t\t<p>Depois de ter enfrentados diversas dificuldades como imigrante, Bruno idealizou o curso \u201cTranscendendo Fronteiras\u201c, uma mentoria com dura\u00e7\u00e3o de 12 meses onde ele caminha passo a passo com quem quer recome\u00e7ar em outro pa\u00eds.<\/p><p>Pela sua trajet\u00f3ria de vida, apesar dos diversos outros neg\u00f3cios, Bruno sempre dedica parte do seu tempo para ajudar pessoas que estejam passando pelo que ele um dia passou.<\/p>\t\t\t\t\t\t<\/div>\n\t\t\t\t<\/div>\n\t\t\t\t<\/div>\n\t\t\t\t\t<\/div>\n\t\t\t\t<\/div>\n\t\t\t\t<\/div>\n\t\t","protected":false},"excerpt":{"rendered":"<p>Depois de ter enfrentados diversas dificuldades como imigrante, Bruno idealizou o curso \u201cTranscendendo Fronteiras\u201c, uma mentoria com dura\u00e7\u00e3o de 12 meses onde ele caminha passo a passo com quem quer recome\u00e7ar em outro pa\u00eds. Pela sua trajet\u00f3ria de vida, apesar dos diversos outros neg\u00f3cios, Bruno sempre dedica parte do seu tempo para ajudar pessoas que [&hellip;]<\/p>\n","protected":false},"author":1,"featured_media":0,"parent":0,"menu_order":0,"comment_status":"closed","ping_status":"closed","template":"elementor_header_footer","meta":{"footnotes":""},"_links":{"self":[{"href":"https:\/\/lp.brunoavelar.com.br\/index.php?rest_route=\/wp\/v2\/pages\/166"}],"collection":[{"href":"https:\/\/lp.brunoavelar.com.br\/index.php?rest_route=\/wp\/v2\/pages"}],"about":[{"href":"https:\/\/lp.brunoavelar.com.br\/index.php?rest_route=\/wp\/v2\/types\/page"}],"author":[{"embeddable":true,"href":"https:\/\/lp.brunoavelar.com.br\/index.php?rest_route=\/wp\/v2\/users\/1"}],"replies":[{"embeddable":true,"href":"https:\/\/lp.brunoavelar.com.br\/index.php?rest_route=%2Fwp%2Fv2%2Fcomments&post=166"}],"version-history":[{"count":10,"href":"https:\/\/lp.brunoavelar.com.br\/index.php?rest_route=\/wp\/v2\/pages\/166\/revisions"}],"predecessor-version":[{"id":566,"href":"https:\/\/lp.brunoavelar.com.br\/index.php?rest_route=\/wp\/v2\/pages\/166\/revisions\/566"}],"wp:attachment":[{"href":"https:\/\/lp.brunoavelar.com.br\/index.php?rest_route=%2Fwp%2Fv2%2Fmedia&parent=166"}],"curies":[{"name":"wp","href":"https:\/\/api.w.org\/{rel}","templated":true}]}}