{"id":163,"date":"2024-03-04T03:59:25","date_gmt":"2024-03-04T06:59:25","guid":{"rendered":"https:\/\/lp.brunoavelar.com.br\/?page_id=163"},"modified":"2024-03-07T22:44:43","modified_gmt":"2024-03-08T01:44:43","slug":"home-experience","status":"publish","type":"page","link":"https:\/\/lp.brunoavelar.com.br\/?page_id=163","title":{"rendered":"Home Experience"},"content":{"rendered":"\t\t<div data-elementor-type=\"wp-page\" data-elementor-id=\"163\" class=\"elementor elementor-163\" data-elementor-post-type=\"page\">\n\t\t\t\t<div class=\"elementor-element elementor-element-0c00857 e-flex e-con-boxed e-con e-parent\" data-id=\"0c00857\" data-element_type=\"container\" data-settings=\"{&quot;background_background&quot;:&quot;classic&quot;,&quot;content_width&quot;:&quot;boxed&quot;}\" data-core-v316-plus=\"true\">\n\t\t\t\t\t<div class=\"e-con-inner\">\n\t\t<div class=\"elementor-element elementor-element-38c84b1 e-con-full e-flex e-con e-child\" data-id=\"38c84b1\" data-element_type=\"container\" data-settings=\"{&quot;content_width&quot;:&quot;full&quot;}\">\n\t\t\t\t<div class=\"elementor-element elementor-element-c0e119a elementor-widget elementor-widget-image\" data-id=\"c0e119a\" data-element_type=\"widget\" data-widget_type=\"image.default\">\n\t\t\t\t<div class=\"elementor-widget-container\">\n\t\t\t<style>\/*! elementor - v3.19.0 - 28-02-2024 *\/\n.elementor-widget-image{text-align:center}.elementor-widget-image a{display:inline-block}.elementor-widget-image a img[src$=\".svg\"]{width:48px}.elementor-widget-image img{vertical-align:middle;display:inline-block}<\/style>\t\t\t\t\t\t\t\t\t\t<img fetchpriority=\"high\" decoding=\"async\" width=\"320\" height=\"321\" src=\"https:\/\/lp.brunoavelar.com.br\/wp-content\/uploads\/2024\/03\/produto-Bruno-Avelar-Home-Experience-2.png\" class=\"attachment-large size-large wp-image-445\" alt=\"\" \/>\t\t\t\t\t\t\t\t\t\t\t\t\t<\/div>\n\t\t\t\t<\/div>\n\t\t\t\t<div class=\"elementor-element elementor-element-3c113a6 elementor-widget elementor-widget-text-editor\" data-id=\"3c113a6\" data-element_type=\"widget\" data-widget_type=\"text-editor.default\">\n\t\t\t\t<div class=\"elementor-widget-container\">\n\t\t\t<style>\/*! elementor - v3.19.0 - 28-02-2024 *\/\n.elementor-widget-text-editor.elementor-drop-cap-view-stacked .elementor-drop-cap{background-color:#69727d;color:#fff}.elementor-widget-text-editor.elementor-drop-cap-view-framed .elementor-drop-cap{color:#69727d;border:3px solid;background-color:transparent}.elementor-widget-text-editor:not(.elementor-drop-cap-view-default) .elementor-drop-cap{margin-top:8px}.elementor-widget-text-editor:not(.elementor-drop-cap-view-default) .elementor-drop-cap-letter{width:1em;height:1em}.elementor-widget-text-editor .elementor-drop-cap{float:left;text-align:center;line-height:1;font-size:50px}.elementor-widget-text-editor .elementor-drop-cap-letter{display:inline-block}<\/style>\t\t\t\t<p>Esse projeto \u00e9 uma mentoria de um dia que re\u00fane grandes nomes para um evento intimista. Em 2022 e 2023 foram realizadas 12 edi\u00e7\u00f5es desse evento, que contaram com a presen\u00e7a de Tiago Brunet, Fl\u00e1vio Augusto, Paulo Vieira, Thiago Nigro, Joel Jota, Pastor Cl\u00e1udio Duarte, JB Carvalho, Paulo Muzy, Seu Elias e outros convidados!<\/p><p>O evento de nove horas de imers\u00e3o trata de assuntos como vendas, intelig\u00eancia emocional, empreendedorismo, network e muito mais.<\/p>\t\t\t\t\t\t<\/div>\n\t\t\t\t<\/div>\n\t\t\t\t<\/div>\n\t\t<div class=\"elementor-element elementor-element-2440e42 e-con-full e-flex e-con e-child\" data-id=\"2440e42\" data-element_type=\"container\" data-settings=\"{&quot;content_width&quot;:&quot;full&quot;}\">\n\t\t\t\t<div class=\"elementor-element elementor-element-018f4b7 elementor-widget elementor-widget-image\" data-id=\"018f4b7\" data-element_type=\"widget\" data-widget_type=\"image.default\">\n\t\t\t\t<div class=\"elementor-widget-container\">\n\t\t\t\t\t\t\t\t\t\t\t\t\t<img decoding=\"async\" src=\"https:\/\/lp.brunoavelar.com.br\/wp-content\/uploads\/2024\/03\/foto-home-1.jpg\" title=\"foto home 1\" alt=\"foto home 1\" loading=\"lazy\" \/>\t\t\t\t\t\t\t\t\t\t\t\t\t<\/div>\n\t\t\t\t<\/div>\n\t\t\t\t<div class=\"elementor-element elementor-element-8667b8f elementor-widget elementor-widget-image\" data-id=\"8667b8f\" data-element_type=\"widget\" data-widget_type=\"image.default\">\n\t\t\t\t<div class=\"elementor-widget-container\">\n\t\t\t\t\t\t\t\t\t\t\t\t\t<img decoding=\"async\" width=\"800\" height=\"509\" src=\"https:\/\/lp.brunoavelar.com.br\/wp-content\/uploads\/2024\/03\/foto-home-2.jpg\" class=\"attachment-large size-large wp-image-447\" alt=\"\" \/>\t\t\t\t\t\t\t\t\t\t\t\t\t<\/div>\n\t\t\t\t<\/div>\n\t\t\t\t<\/div>\n\t\t\t\t\t<\/div>\n\t\t\t\t<\/div>\n\t\t<div class=\"elementor-element elementor-element-ddd516c e-flex e-con-boxed e-con e-parent\" data-id=\"ddd516c\" data-element_type=\"container\" data-settings=\"{&quot;content_width&quot;:&quot;boxed&quot;}\" data-core-v316-plus=\"true\">\n\t\t\t\t\t<div class=\"e-con-inner\">\n\t\t\t\t<div class=\"elementor-element elementor-element-24abdfd elementor-widget elementor-widget-image\" data-id=\"24abdfd\" data-element_type=\"widget\" data-widget_type=\"image.default\">\n\t\t\t\t<div class=\"elementor-widget-container\">\n\t\t\t\t\t\t\t\t\t\t\t\t\t<img decoding=\"async\" width=\"1920\" height=\"1080\" src=\"https:\/\/lp.brunoavelar.com.br\/wp-content\/uploads\/2024\/03\/fots-home.jpg\" class=\"attachment-full size-full wp-image-448\" alt=\"\" \/>\t\t\t\t\t\t\t\t\t\t\t\t\t<\/div>\n\t\t\t\t<\/div>\n\t\t\t\t\t<\/div>\n\t\t\t\t<\/div>\n\t\t\t\t<\/div>\n\t\t","protected":false},"excerpt":{"rendered":"<p>Esse projeto \u00e9 uma mentoria de um dia que re\u00fane grandes nomes para um evento intimista. Em 2022 e 2023 foram realizadas 12 edi\u00e7\u00f5es desse evento, que contaram com a presen\u00e7a de Tiago Brunet, Fl\u00e1vio Augusto, Paulo Vieira, Thiago Nigro, Joel Jota, Pastor Cl\u00e1udio Duarte, JB Carvalho, Paulo Muzy, Seu Elias e outros convidados! O [&hellip;]<\/p>\n","protected":false},"author":1,"featured_media":0,"parent":0,"menu_order":0,"comment_status":"closed","ping_status":"closed","template":"elementor_header_footer","meta":{"footnotes":""},"_links":{"self":[{"href":"https:\/\/lp.brunoavelar.com.br\/index.php?rest_route=\/wp\/v2\/pages\/163"}],"collection":[{"href":"https:\/\/lp.brunoavelar.com.br\/index.php?rest_route=\/wp\/v2\/pages"}],"about":[{"href":"https:\/\/lp.brunoavelar.com.br\/index.php?rest_route=\/wp\/v2\/types\/page"}],"author":[{"embeddable":true,"href":"https:\/\/lp.brunoavelar.com.br\/index.php?rest_route=\/wp\/v2\/users\/1"}],"replies":[{"embeddable":true,"href":"https:\/\/lp.brunoavelar.com.br\/index.php?rest_route=%2Fwp%2Fv2%2Fcomments&post=163"}],"version-history":[{"count":4,"href":"https:\/\/lp.brunoavelar.com.br\/index.php?rest_route=\/wp\/v2\/pages\/163\/revisions"}],"predecessor-version":[{"id":454,"href":"https:\/\/lp.brunoavelar.com.br\/index.php?rest_route=\/wp\/v2\/pages\/163\/revisions\/454"}],"wp:attachment":[{"href":"https:\/\/lp.brunoavelar.com.br\/index.php?rest_route=%2Fwp%2Fv2%2Fmedia&parent=163"}],"curies":[{"name":"wp","href":"https:\/\/api.w.org\/{rel}","templated":true}]}}